{"id":8119,"date":"2019-05-15T00:55:39","date_gmt":"2019-05-15T00:55:39","guid":{"rendered":"http:\/\/ninzio.com\/bauer\/?page_id=8119"},"modified":"2025-10-31T10:59:48","modified_gmt":"2025-10-31T10:59:48","slug":"home-musei-di-castiglion-fiorentino","status":"publish","type":"page","link":"https:\/\/www.museicastiglionfiorentino.it\/it\/","title":{"rendered":"Home Musei di Castiglion Fiorentino"},"content":{"rendered":"<div class=\"wpb-content-wrapper\"><p>[vc_row arrow=&#8221;yes&#8221; scroll_id=&#8221;first-row&#8221;][vc_column][rev_slider_vc alias=&#8221;Home&#8221;][\/vc_column][\/vc_row][vc_row css=&#8221;.vc_custom_1558767853272{background-image: url(http:\/\/ninzio.com\/bauer\/wp-content\/uploads\/2019\/05\/cons2-bg-1.png?id=8904) !important;background-position: center !important;background-repeat: no-repeat !important;background-size: cover !important;}&#8221; el_id=&#8221;first-row&#8221;][vc_column][vc_row_inner][vc_column_inner]\r\n\t<div class=\"bauer-spacer clearfix\" data-desktop=\"45\" data-mobi=\"0\" data-smobi=\"0\"><\/div><div class=\"bauer-single-heading clearfix \" style=\"margin-bottom:25px;\"><span class=\"inner\"><span class=\"heading clearfix \" style=\"font-weight:600;color:#000000;font-size:16px;\">\r\n\t\tSISTEMA MUSEALE\r\n\t<\/span><\/span><\/div><h2 class=\"bauer-text clearfix \" style=\"font-size:42px;line-height:50px;color:#000000;margin-bottom:32px;\"><p>Musei di Castiglion Fiorentino<\/p>\n<\/h2><div class=\"bauer-text clearfix \" style=\"color:#000000;\"><p><span>Il\u00a0<\/span><strong><em>Sistema Museale di Castiglion Fiorentino<\/em><\/strong><span>\u00a0presenta una ricca offerta e permette ai visitatori di apprezzare l\u2019<\/span><strong><em>Area del Cassero<\/em><\/strong><span>, con il Piazzale e l\u2019omonima Torre trecentesca, il\u00a0<\/span><strong><em>Percorso Archeologico Sotterraneo<\/em><\/strong><span>\u00a0e il\u00a0<\/span><strong><em>Museo Archeologico<\/em><\/strong><span>\u00a0con r<\/span><em><strong>eperti etruschi<\/strong><\/em><span>, il\u00a0<\/span><strong><em>Fondo Antico<\/em><\/strong><span>\u00a0e la\u00a0<\/span><strong><em>Pinacoteca<\/em><\/strong><span>.<\/span><br \/>\n<span>Grazie ai recenti interventi, i\u00a0<\/span><strong><em>musei di Castiglion Fiorentino<\/em><\/strong><span> possono vantare un allestimento aggiornato ed efficiente, molto avanzato a livello multimediale e in grado di consentire all\u2019utente la piena fruizione delle opere esposte.<\/span><\/p>\n<\/div>\r\n\t<div class=\"bauer-spacer clearfix\" data-desktop=\"42\" data-mobi=\"30\" data-smobi=\"30\"><\/div><div class=\"button-wrap icon-right\" style=\"\" ><a href=\"\/download\/Richiesta visita straordinaria al Sistema Museale Castiglionese.pdf\" target=\"_blank\" class=\"bauer-button btn-657686210 big no_icon accent\" style=\"border-radius:30px;\"  data-text=\"#ffffff\">\r\n\t\t<span style=\"\">Modello richiesta visita straordinaria <\/span>\r\n\t<\/a><\/div>\r\n\t<div class=\"bauer-spacer clearfix\" data-desktop=\"45\" data-mobi=\"0\" data-smobi=\"0\"><\/div><div class=\"button-wrap icon-right\" style=\"\" ><a href=\"\/download\/Tariffe ITA-ENG.pdf\" target=\"_blank\" class=\"bauer-button btn-1136068477 big no_icon accent\" style=\"border-radius:30px;\"  data-text=\"#ffffff\">\r\n\t\t<span style=\"\">Tariffe <\/span>\r\n\t<\/a><\/div>[\/vc_column_inner][\/vc_row_inner]\r\n\t<div class=\"bauer-spacer clearfix\" data-desktop=\"100\" data-mobi=\"50\" data-smobi=\"50\"><\/div>[\/vc_column][\/vc_row][vc_row css=&#8221;.vc_custom_1680529432512{background-color: #878787 !important;}&#8221;][vc_column width=&#8221;1\/3&#8243;]\r\n\t<div class=\"bauer-spacer clearfix\" data-desktop=\"42\" data-mobi=\"30\" data-smobi=\"30\"><\/div><div class=\"bauer-single-heading clearfix  has-line\" style=\"margin-bottom:22px;\"><span class=\"inner\"><span class=\"line accent\" style=\"width:12px;height:12px;top:9px;\"><\/span><span class=\"heading clearfix \" style=\"color:#ffffff;font-size:22px;padding-left:20px;\">\r\n\t\tI NOSTRI CONTATTI\r\n\t<\/span><\/span><\/div><div class=\"bauer-text clearfix \" style=\"color:#ffffff;\"><p><strong>INDIRIZZO<\/strong><br \/>\nVia del Tribunale, 8 &#8211;\u00a0Castiglion Fiorentino (AR)<\/p>\n<p><strong>TELEFONO<\/strong><br \/>\n(0039) 0575 659457<\/p>\n<p><strong>EMAIL<\/strong><br \/>\n<a href=\"mailto:info@museicastiglionfiorentino.it\">info@museicastiglionfiorentino.it<\/a><\/p>\n<\/div>[\/vc_column][vc_column width=&#8221;1\/3&#8243;]\r\n\t<div class=\"bauer-spacer clearfix\" data-desktop=\"42\" data-mobi=\"30\" data-smobi=\"30\"><\/div><div class=\"bauer-single-heading clearfix  has-line\" style=\"margin-bottom:22px;\"><span class=\"inner\"><span class=\"line accent\" style=\"width:12px;height:12px;top:9px;\"><\/span><span class=\"heading clearfix \" style=\"color:#ffffff;font-size:22px;padding-left:20px;\">\r\n\t\tIL SISTEMA MUSEALE\r\n\t<\/span><\/span><\/div><div class=\"bauer-text clearfix \" style=\"color:#ffffff;\"><p><span>Il Sistema Museale di Castiglion Fiorentino presenta una ricca offerta e permette ai visitatori di apprezzare l\u2019Area del Cassero, con il Piazzale e l\u2019omonima Torre trecentesca, il Percorso Archeologico Sotterraneo e il Museo Archeologico con reperti etruschi, il Fondo Antico e la Pinacoteca. Grazie ai recenti interventi, i musei di Castiglion Fiorentino possono vantare un allestimento aggiornato ed efficiente, molto avanzato a livello multimediale e in grado di consentire all\u2019utente la piena fruizione delle opere esposte.<\/span><\/p>\n<\/div>\r\n\t<div class=\"bauer-spacer clearfix\" data-desktop=\"42\" data-mobi=\"30\" data-smobi=\"30\"><\/div>[\/vc_column][vc_column width=&#8221;1\/3&#8243;]\r\n\t<div class=\"bauer-spacer clearfix\" data-desktop=\"42\" data-mobi=\"30\" data-smobi=\"30\"><\/div><div class=\"bauer-single-heading clearfix  has-line\" style=\"margin-bottom:22px;\"><span class=\"inner\"><span class=\"line accent\" style=\"width:12px;height:12px;top:9px;\"><\/span><span class=\"heading clearfix \" style=\"color:#ffffff;font-size:22px;padding-left:20px;\">\r\n\t\tORARI SISTEMA MUSEALE\r\n\t<\/span><\/span><\/div><div class=\"bauer-text clearfix \" style=\"color:#ffffff;\"><div dir=\"auto\"><strong>Orario Estivo dal 1\u00b0 Maggio fino al 30 Settembre.<\/strong><\/div>\n<div dir=\"auto\">\n<div dir=\"auto\"><strong>Luned\u00ec e Mercoled\u00ec<\/strong>: la mattina dalle ore 10:00 alle 12:30, pomeriggio chiuso.<\/div>\n<div dir=\"auto\"><strong>Marted\u00ec e Gioved\u00ec<\/strong>: la mattina dalle ore 10:00 alle 12:30, il pomeriggio dalle 15:30 alle 18:00.<\/div>\n<div dir=\"auto\"><strong>Da Venerd\u00ec a\u00a0<\/strong><b>Domenica<\/b>: la mattina dalle ore 10:00 alle 12:30, il pomeriggio dalle 15:30 alle 19:00.<\/div>\n<\/div>\n<\/div>\r\n\t<div class=\"bauer-spacer clearfix\" data-desktop=\"15\" data-mobi=\"15\" data-smobi=\"15\"><\/div><div class=\"bauer-text clearfix \" style=\"color:#ffffff;\"><p><strong>Orario invernale dal 1\u00b0 Ottobre fino al 30 Aprile.<\/strong><br \/>\n<strong>Luned\u00ec, Marted\u00ec, Mercoled\u00ec\u00a0e Gioved\u00ec<\/strong>: chiuso.<br \/>\n<strong>Da Venerd\u00ec a\u00a0Domenica<\/strong>: la mattina dalle ore 10:00 alle 12:30, il pomeriggio dalle 15:30 alle 19:00.<\/p>\n<\/div>\r\n\t<div class=\"bauer-spacer clearfix\" data-desktop=\"15\" data-mobi=\"15\" data-smobi=\"15\"><\/div><div class=\"bauer-text clearfix \" style=\"color:#ffffff;\"><p>E-mail:\u00a0<a href=\"mailto:info@museicastiglionfiorentino.it\">info@museicastiglionfiorentino.it\u00a0<\/a><\/p>\n<\/div>[\/vc_column][\/vc_row]<\/p>\n<\/div>","protected":false},"excerpt":{"rendered":"<p>[vc_row arrow=&#8221;yes&#8221; scroll_id=&#8221;first-row&#8221;][vc_column][rev_slider_vc alias=&#8221;Home&#8221;][\/vc_column][\/vc_row][vc_row css=&#8221;.vc_custom_1558767853272{background-image: url(http:\/\/ninzio.com\/bauer\/wp-content\/uploads\/2019\/05\/cons2-bg-1.png?id=8904) !important;background-position: center !important;background-repeat: no-repeat !important;background-size: cover !important;}&#8221; el_id=&#8221;first-row&#8221;][vc_column][vc_row_inner][vc_column_inner][\/vc_column_inner][\/vc_row_inner][\/vc_column][\/vc_row][vc_row css=&#8221;.vc_custom_1680529432512{background-color: #878787 !important;}&#8221;][vc_column width=&#8221;1\/3&#8243;][\/vc_column][vc_column width=&#8221;1\/3&#8243;][\/vc_column][vc_column width=&#8221;1\/3&#8243;][\/vc_column][\/vc_row]<\/p>\n","protected":false},"author":1,"featured_media":0,"parent":0,"menu_order":0,"comment_status":"closed","ping_status":"closed","template":"","meta":{"footnotes":""},"class_list":["post-8119","page","type-page","status-publish","hentry"],"_links":{"self":[{"href":"https:\/\/www.museicastiglionfiorentino.it\/it\/wp-json\/wp\/v2\/pages\/8119","targetHints":{"allow":["GET"]}}],"collection":[{"href":"https:\/\/www.museicastiglionfiorentino.it\/it\/wp-json\/wp\/v2\/pages"}],"about":[{"href":"https:\/\/www.museicastiglionfiorentino.it\/it\/wp-json\/wp\/v2\/types\/page"}],"author":[{"embeddable":true,"href":"https:\/\/www.museicastiglionfiorentino.it\/it\/wp-json\/wp\/v2\/users\/1"}],"replies":[{"embeddable":true,"href":"https:\/\/www.museicastiglionfiorentino.it\/it\/wp-json\/wp\/v2\/comments?post=8119"}],"version-history":[{"count":63,"href":"https:\/\/www.museicastiglionfiorentino.it\/it\/wp-json\/wp\/v2\/pages\/8119\/revisions"}],"predecessor-version":[{"id":10486,"href":"https:\/\/www.museicastiglionfiorentino.it\/it\/wp-json\/wp\/v2\/pages\/8119\/revisions\/10486"}],"wp:attachment":[{"href":"https:\/\/www.museicastiglionfiorentino.it\/it\/wp-json\/wp\/v2\/media?parent=8119"}],"curies":[{"name":"wp","href":"https:\/\/api.w.org\/{rel}","templated":true}]}}